{"id":2,"date":"2025-03-20T12:39:44","date_gmt":"2025-03-20T12:39:44","guid":{"rendered":"https:\/\/auttajanabc.fi\/?page_id=2"},"modified":"2025-03-20T21:35:16","modified_gmt":"2025-03-20T21:35:16","slug":"sample-page","status":"publish","type":"page","link":"https:\/\/auttajanabc.fi\/?page_id=2","title":{"rendered":"Tervetuloa!"},"content":{"rendered":"\n<div class=\"wp-block-group has-global-padding is-layout-constrained wp-block-group-is-layout-constrained\"><div class=\"is-style-default wp-block-site-logo\"><a href=\"https:\/\/auttajanabc.fi\/\" class=\"custom-logo-link\" rel=\"home\"><img loading=\"lazy\" decoding=\"async\" width=\"232\" height=\"232\" src=\"https:\/\/auttajanabc.fi\/wp-content\/uploads\/2025\/03\/Auttajan-ABC.jpg\" class=\"custom-logo\" alt=\"Auttajan ABC\" srcset=\"https:\/\/auttajanabc.fi\/wp-content\/uploads\/2025\/03\/Auttajan-ABC.jpg 500w, https:\/\/auttajanabc.fi\/wp-content\/uploads\/2025\/03\/Auttajan-ABC-300x300.jpg 300w, https:\/\/auttajanabc.fi\/wp-content\/uploads\/2025\/03\/Auttajan-ABC-150x150.jpg 150w\" sizes=\"auto, (max-width: 232px) 100vw, 232px\" \/><\/a><\/div><\/div>\n\n\n\n<p>Tervetuloa kuuntelemaan Auttajan ABC -podcastia!<\/p>\n\n\n\n<p>T\u00e4m\u00e4 podcast on suunnattu auttamisty\u00f6n ahertajille: Olitpa sitten sosiaalialan sankari, terveydenhuollon ammattilainen, tai muussa ihmisten tukemiseen keskittyv\u00e4ss\u00e4 ty\u00f6ss\u00e4.<\/p>\n\n\n\n<p>Jokaisessa jaksossa pureudutaan auttamisty\u00f6n keskeisiin teemoihin, hoidollisiin viitekehyksiin ja k\u00e4yt\u00e4nn\u00f6n ty\u00f6kaluihin. Tavoitteena on tarjota tutkittua tietoa, inspiraatiota ja konkreettisia n\u00e4k\u00f6kulmia, joiden avulla voit kehitty\u00e4 ty\u00f6ss\u00e4si ja lis\u00e4t\u00e4 omaa sek\u00e4 asiakkaiden hyvinvointia.<\/p>\n\n\n\n<p>Ensimm\u00e4inen jakso julkaistaan pian!<\/p>\n\n\n\n<p>Pysy kuulolla!<\/p>\n","protected":false},"excerpt":{"rendered":"<p>Tervetuloa kuuntelemaan Auttajan ABC -podcastia! T\u00e4m\u00e4 podcast on suunnattu auttamisty\u00f6n ahertajille: Olitpa sitten sosiaalialan sankari, terveydenhuollon ammattilainen, tai muussa ihmisten tukemiseen keskittyv\u00e4ss\u00e4 ty\u00f6ss\u00e4. Jokaisessa jaksossa pureudutaan auttamisty\u00f6n keskeisiin teemoihin, hoidollisiin viitekehyksiin ja k\u00e4yt\u00e4nn\u00f6n ty\u00f6kaluihin. Tavoitteena on tarjota tutkittua tietoa, inspiraatiota ja konkreettisia n\u00e4k\u00f6kulmia, joiden avulla voit kehitty\u00e4 ty\u00f6ss\u00e4si ja lis\u00e4t\u00e4 omaa sek\u00e4 asiakkaiden hyvinvointia. Ensimm\u00e4inen [&hellip;]<\/p>\n","protected":false},"author":1,"featured_media":0,"parent":0,"menu_order":0,"comment_status":"closed","ping_status":"open","template":"","meta":{"footnotes":""},"class_list":["post-2","page","type-page","status-publish","hentry"],"_links":{"self":[{"href":"https:\/\/auttajanabc.fi\/index.php?rest_route=\/wp\/v2\/pages\/2","targetHints":{"allow":["GET"]}}],"collection":[{"href":"https:\/\/auttajanabc.fi\/index.php?rest_route=\/wp\/v2\/pages"}],"about":[{"href":"https:\/\/auttajanabc.fi\/index.php?rest_route=\/wp\/v2\/types\/page"}],"author":[{"embeddable":true,"href":"https:\/\/auttajanabc.fi\/index.php?rest_route=\/wp\/v2\/users\/1"}],"replies":[{"embeddable":true,"href":"https:\/\/auttajanabc.fi\/index.php?rest_route=%2Fwp%2Fv2%2Fcomments&post=2"}],"version-history":[{"count":6,"href":"https:\/\/auttajanabc.fi\/index.php?rest_route=\/wp\/v2\/pages\/2\/revisions"}],"predecessor-version":[{"id":25,"href":"https:\/\/auttajanabc.fi\/index.php?rest_route=\/wp\/v2\/pages\/2\/revisions\/25"}],"wp:attachment":[{"href":"https:\/\/auttajanabc.fi\/index.php?rest_route=%2Fwp%2Fv2%2Fmedia&parent=2"}],"curies":[{"name":"wp","href":"https:\/\/api.w.org\/{rel}","templated":true}]}}